{"id":2233,"date":"2025-01-27T09:50:05","date_gmt":"2025-01-27T09:50:05","guid":{"rendered":"https:\/\/pais.conceptcloud.fr\/to-donate\/"},"modified":"2026-02-15T13:53:43","modified_gmt":"2026-02-15T13:53:43","slug":"to-donate","status":"publish","type":"page","link":"https:\/\/paisfrance.org\/en\/to-donate\/","title":{"rendered":"To donate"},"content":{"rendered":"\t\t<div data-elementor-type=\"wp-page\" data-elementor-id=\"2233\" class=\"elementor elementor-2233 elementor-482\" data-elementor-post-type=\"page\">\n\t\t\t\t<div class=\"elementor-element elementor-element-a86c011 e-flex e-con-boxed e-con e-parent\" data-id=\"a86c011\" data-element_type=\"container\" data-e-type=\"container\" data-settings=\"{&quot;background_background&quot;:&quot;classic&quot;}\">\n\t\t\t\t\t<div class=\"e-con-inner\">\n\t\t\t\t<div class=\"elementor-element elementor-element-c0a4cf6 elementor-widget elementor-widget-breadcrumbs\" data-id=\"c0a4cf6\" data-element_type=\"widget\" data-e-type=\"widget\" data-widget_type=\"breadcrumbs.default\">\n\t\t\t\t<div class=\"elementor-widget-container\">\n\t\t\t\t\t<p id=\"breadcrumbs\"><span><span><a href=\"https:\/\/paisfrance.org\/en\/\">Accueil<\/a><\/span><\/span><\/p>\t\t\t\t<\/div>\n\t\t\t\t<\/div>\n\t\t\t\t\t<\/div>\n\t\t\t\t<\/div>\n\t\t<div class=\"elementor-element elementor-element-c3923d9 e-flex e-con-boxed e-con e-parent\" data-id=\"c3923d9\" data-element_type=\"container\" data-e-type=\"container\">\n\t\t\t\t\t<div class=\"e-con-inner\">\n\t\t\t\t<div class=\"elementor-element elementor-element-f34775f elementor-widget-divider--view-line elementor-widget elementor-widget-divider\" data-id=\"f34775f\" data-element_type=\"widget\" data-e-type=\"widget\" data-widget_type=\"divider.default\">\n\t\t\t\t<div class=\"elementor-widget-container\">\n\t\t\t\t\t\t\t<div class=\"elementor-divider\">\n\t\t\t<span class=\"elementor-divider-separator\">\n\t\t\t\t\t\t<\/span>\n\t\t<\/div>\n\t\t\t\t\t\t<\/div>\n\t\t\t\t<\/div>\n\t\t\t\t<div class=\"elementor-element elementor-element-c3d0c9e elementor-widget elementor-widget-heading\" data-id=\"c3d0c9e\" data-element_type=\"widget\" data-e-type=\"widget\" data-widget_type=\"heading.default\">\n\t\t\t\t<div class=\"elementor-widget-container\">\n\t\t\t\t\t<h1 class=\"elementor-heading-title elementor-size-default\">To donate<\/h1>\t\t\t\t<\/div>\n\t\t\t\t<\/div>\n\t\t\t\t<div class=\"elementor-element elementor-element-8c4c857 elementor-widget elementor-widget-heading\" data-id=\"8c4c857\" data-element_type=\"widget\" data-e-type=\"widget\" data-widget_type=\"heading.default\">\n\t\t\t\t<div class=\"elementor-widget-container\">\n\t\t\t\t\t<h2 class=\"elementor-heading-title elementor-size-default\">We need your help<\/h2>\t\t\t\t<\/div>\n\t\t\t\t<\/div>\n\t\t\t\t\t<\/div>\n\t\t\t\t<\/div>\n\t\t<div class=\"elementor-element elementor-element-9755071 e-flex e-con-boxed e-con e-parent\" data-id=\"9755071\" data-element_type=\"container\" data-e-type=\"container\">\n\t\t\t\t\t<div class=\"e-con-inner\">\n\t\t<div class=\"elementor-element elementor-element-96b71da e-con-full e-flex e-con e-child\" data-id=\"96b71da\" data-element_type=\"container\" data-e-type=\"container\" data-settings=\"{&quot;background_background&quot;:&quot;classic&quot;}\">\n\t\t\t\t<\/div>\n\t\t<div class=\"elementor-element elementor-element-52fbab7 e-con-full e-flex e-con e-child\" data-id=\"52fbab7\" data-element_type=\"container\" data-e-type=\"container\">\n\t\t\t\t<div class=\"elementor-element elementor-element-519568c elementor-widget elementor-widget-heading\" data-id=\"519568c\" data-element_type=\"widget\" data-e-type=\"widget\" data-widget_type=\"heading.default\">\n\t\t\t\t<div class=\"elementor-widget-container\">\n\t\t\t\t\t<h2 class=\"elementor-heading-title elementor-size-default\">PA.I.S France needs your help now more than ever.\nPlease donate today!<\/h2>\t\t\t\t<\/div>\n\t\t\t\t<\/div>\n\t\t\t\t<div class=\"elementor-element elementor-element-2dbc359 elementor-widget elementor-widget-text-editor\" data-id=\"2dbc359\" data-element_type=\"widget\" data-e-type=\"widget\" data-widget_type=\"text-editor.default\">\n\t\t\t\t<div class=\"elementor-widget-container\">\n\t\t\t\t\t\t\t\t\t<p>Thank you for your support.<\/p>\t\t\t\t\t\t\t\t<\/div>\n\t\t\t\t<\/div>\n\t\t\t\t<div class=\"elementor-element elementor-element-cf1a1fd elementor-widget__width-initial elementor-widget elementor-widget-text-editor\" data-id=\"cf1a1fd\" data-element_type=\"widget\" data-e-type=\"widget\" data-widget_type=\"text-editor.default\">\n\t\t\t\t<div class=\"elementor-widget-container\">\n\t\t\t\t\t\t\t\t\t<p><span style=\"text-decoration: underline;\"><em><strong>75% de d\u00e9duction !<\/strong><\/em><\/span><\/p><p>Si vous \u00eates imposable, il vous permettra de b\u00e9n\u00e9ficier d\u2019une r\u00e9duction d\u2019imp\u00f4t de 75% du montant de votre don dans la limite de 529 \u20ac et au-del\u00e0, d\u2019une r\u00e9duction d\u2019imp\u00f4ts de 66% dans la limite de 20% de votre revenu imposable.<\/p><p>Un don de 100 \u20ac ne vous co\u00fbte que 25 \u20ac.<\/p>\t\t\t\t\t\t\t\t<\/div>\n\t\t\t\t<\/div>\n\t\t\t\t<\/div>\n\t\t\t\t\t<\/div>\n\t\t\t\t<\/div>\n\t\t<div class=\"elementor-element elementor-element-d90ff0e e-flex e-con-boxed e-con e-parent\" data-id=\"d90ff0e\" data-element_type=\"container\" data-e-type=\"container\">\n\t\t\t\t\t<div class=\"e-con-inner\">\n\t\t<div class=\"elementor-element elementor-element-1a057af e-con-full e-flex e-con e-child\" data-id=\"1a057af\" data-element_type=\"container\" data-e-type=\"container\">\n\t\t<div class=\"elementor-element elementor-element-c3794da e-con-full e-flex e-con e-child\" data-id=\"c3794da\" data-element_type=\"container\" data-e-type=\"container\">\n\t\t<div class=\"elementor-element elementor-element-05d8727 e-con-full e-flex e-con e-child\" data-id=\"05d8727\" data-element_type=\"container\" data-e-type=\"container\">\n\t\t\t\t<div class=\"elementor-element elementor-element-aab44c4 elementor-widget elementor-widget-heading\" data-id=\"aab44c4\" data-element_type=\"widget\" data-e-type=\"widget\" data-widget_type=\"heading.default\">\n\t\t\t\t<div class=\"elementor-widget-container\">\n\t\t\t\t\t<h3 class=\"elementor-heading-title elementor-size-default\">Make a Donation\n<br>by PayPal or credit card<\/h3>\t\t\t\t<\/div>\n\t\t\t\t<\/div>\n\t\t\t\t<\/div>\n\t\t\t\t<div class=\"elementor-element elementor-element-97b2f4e elementor-hidden-widescreen elementor-hidden-desktop elementor-hidden-tablet elementor-hidden-mobile elementor-widget elementor-widget-text-editor\" data-id=\"97b2f4e\" data-element_type=\"widget\" data-e-type=\"widget\" data-widget_type=\"text-editor.default\">\n\t\t\t\t<div class=\"elementor-widget-container\">\n\t\t\t\t\t\t\t\t\t<p>Lorem ipsum dolor sit amet, consectetur adipiscing elit. Ut elit tellus, luctus nec ullamcorper mattis, pulvinar dapibus leo.<\/p>\t\t\t\t\t\t\t\t<\/div>\n\t\t\t\t<\/div>\n\t\t\t\t<div class=\"elementor-element elementor-element-6593bf7 elementor-align-justify elementor-widget elementor-widget-button\" data-id=\"6593bf7\" data-element_type=\"widget\" data-e-type=\"widget\" data-widget_type=\"button.default\">\n\t\t\t\t<div class=\"elementor-widget-container\">\n\t\t\t\t\t\t\t\t\t<div class=\"elementor-button-wrapper\">\n\t\t\t\t\t<a class=\"elementor-button elementor-button-link elementor-size-sm\" href=\"https:\/\/www.paypal.com\/donate\/?hosted_button_id=8RWNUBXH2EEPA\" target=\"_blank\">\n\t\t\t\t\t\t<span class=\"elementor-button-content-wrapper\">\n\t\t\t\t\t\t\t\t\t<span class=\"elementor-button-text\">To donate<\/span>\n\t\t\t\t\t<\/span>\n\t\t\t\t\t<\/a>\n\t\t\t\t<\/div>\n\t\t\t\t\t\t\t\t<\/div>\n\t\t\t\t<\/div>\n\t\t\t\t<div class=\"elementor-element elementor-element-b8d836d elementor-widget elementor-widget-image\" data-id=\"b8d836d\" data-element_type=\"widget\" data-e-type=\"widget\" data-widget_type=\"image.default\">\n\t\t\t\t<div class=\"elementor-widget-container\">\n\t\t\t\t\t\t\t\t\t\t\t\t\t\t\t<img decoding=\"async\" width=\"238\" height=\"21\" src=\"https:\/\/paisfrance.org\/wp-content\/uploads\/2025\/01\/Groupe-de-masques-41.png\" class=\"attachment-full size-full wp-image-1834\" alt=\"\" \/>\t\t\t\t\t\t\t\t\t\t\t\t\t\t\t<\/div>\n\t\t\t\t<\/div>\n\t\t\t\t<\/div>\n\t\t<div class=\"elementor-element elementor-element-ca307ac e-con-full e-flex e-con e-child\" data-id=\"ca307ac\" data-element_type=\"container\" data-e-type=\"container\">\n\t\t<div class=\"elementor-element elementor-element-de52cdb e-con-full e-flex e-con e-child\" data-id=\"de52cdb\" data-element_type=\"container\" data-e-type=\"container\">\n\t\t\t\t<div class=\"elementor-element elementor-element-f18ee5a elementor-widget elementor-widget-heading\" data-id=\"f18ee5a\" data-element_type=\"widget\" data-e-type=\"widget\" data-widget_type=\"heading.default\">\n\t\t\t\t<div class=\"elementor-widget-container\">\n\t\t\t\t\t<h3 class=\"elementor-heading-title elementor-size-default\">Make a Donation\n<br>by check<\/h3>\t\t\t\t<\/div>\n\t\t\t\t<\/div>\n\t\t\t\t<\/div>\n\t\t\t\t<div class=\"elementor-element elementor-element-df0339b elementor-widget elementor-widget-text-editor\" data-id=\"df0339b\" data-element_type=\"widget\" data-e-type=\"widget\" data-widget_type=\"text-editor.default\">\n\t\t\t\t<div class=\"elementor-widget-container\">\n\t\t\t\t\t\t\t\t\t<p><strong>Send your check payable to<\/strong><br>\u00ab PAIS France \u00bb \u00e0 5 rue des Pr\u00e9s<br>68220 FOLGENSBOURG- FRANCE<\/p>\t\t\t\t\t\t\t\t<\/div>\n\t\t\t\t<\/div>\n\t\t\t\t<\/div>\n\t\t<div class=\"elementor-element elementor-element-0de4f66 e-con-full e-flex e-con e-child\" data-id=\"0de4f66\" data-element_type=\"container\" data-e-type=\"container\">\n\t\t<div class=\"elementor-element elementor-element-5c703b2 e-con-full e-flex e-con e-child\" data-id=\"5c703b2\" data-element_type=\"container\" data-e-type=\"container\">\n\t\t\t\t<div class=\"elementor-element elementor-element-bc01b5d elementor-widget elementor-widget-heading\" data-id=\"bc01b5d\" data-element_type=\"widget\" data-e-type=\"widget\" data-widget_type=\"heading.default\">\n\t\t\t\t<div class=\"elementor-widget-container\">\n\t\t\t\t\t<h3 class=\"elementor-heading-title elementor-size-default\">Make a Donation\n<br>by wire transfer<\/h3>\t\t\t\t<\/div>\n\t\t\t\t<\/div>\n\t\t\t\t<\/div>\n\t\t\t\t<div class=\"elementor-element elementor-element-29910d9 elementor-widget elementor-widget-text-editor\" data-id=\"29910d9\" data-element_type=\"widget\" data-e-type=\"widget\" data-widget_type=\"text-editor.default\">\n\t\t\t\t<div class=\"elementor-widget-container\">\n\t\t\t\t\t\t\t\t\t<p>RIB : 10278 03051 00020421301 23<br>Code Iban : FR76 1027 8030 5100 0204 2130 123<br>Code Banque : CMCIFR2A<\/p>\t\t\t\t\t\t\t\t<\/div>\n\t\t\t\t<\/div>\n\t\t\t\t<\/div>\n\t\t\t\t<\/div>\n\t\t\t\t\t<\/div>\n\t\t\t\t<\/div>\n\t\t<div class=\"elementor-element elementor-element-ffe096e e-flex e-con-boxed e-con e-parent\" data-id=\"ffe096e\" data-element_type=\"container\" data-e-type=\"container\">\n\t\t\t\t\t<div class=\"e-con-inner\">\n\t\t\t\t\t<\/div>\n\t\t\t\t<\/div>\n\t\t\t\t<\/div>\n\t\t","protected":false},"excerpt":{"rendered":"<p>To donate We need your help PA.I.S France needs your help now more than ever. Please donate today! Thank you for your support. 75% de d\u00e9duction ! Si vous \u00eates imposable, il vous permettra de b\u00e9n\u00e9ficier d\u2019une r\u00e9duction d\u2019imp\u00f4t de 75% du montant de votre don dans la limite de 529 \u20ac et au-del\u00e0, d\u2019une [&hellip;]<\/p>\n","protected":false},"author":1,"featured_media":0,"parent":0,"menu_order":0,"comment_status":"closed","ping_status":"closed","template":"","meta":{"_acf_changed":false,"footnotes":""},"class_list":["post-2233","page","type-page","status-publish","hentry"],"acf":[],"yoast_head":"<!-- This site is optimized with the Yoast SEO plugin v26.9 - https:\/\/yoast.com\/product\/yoast-seo-wordpress\/ -->\n<title>To donate - PA.I.S France<\/title>\n<meta name=\"description\" content=\"PA.I.S France needs your help more than ever, so make a donation to our association in support of visually and hearing impaired children.\" \/>\n<meta name=\"robots\" content=\"index, follow, max-snippet:-1, max-image-preview:large, max-video-preview:-1\" \/>\n<link rel=\"canonical\" href=\"https:\/\/paisfrance.org\/en\/to-donate\/\" \/>\n<meta property=\"og:locale\" content=\"en_US\" \/>\n<meta property=\"og:type\" content=\"article\" \/>\n<meta property=\"og:title\" content=\"To donate - PA.I.S France\" \/>\n<meta property=\"og:description\" content=\"PA.I.S France needs your help more than ever, so make a donation to our association in support of visually and hearing impaired children.\" \/>\n<meta property=\"og:url\" content=\"https:\/\/paisfrance.org\/en\/to-donate\/\" \/>\n<meta property=\"og:site_name\" content=\"PA.I.S France\" \/>\n<meta property=\"article:modified_time\" content=\"2026-02-15T13:53:43+00:00\" \/>\n<meta name=\"twitter:card\" content=\"summary_large_image\" \/>\n<meta name=\"twitter:label1\" content=\"Est. reading time\" \/>\n\t<meta name=\"twitter:data1\" content=\"1 minute\" \/>\n<script type=\"application\/ld+json\" class=\"yoast-schema-graph\">{\"@context\":\"https:\/\/schema.org\",\"@graph\":[{\"@type\":\"WebPage\",\"@id\":\"https:\/\/paisfrance.org\/en\/to-donate\/\",\"url\":\"https:\/\/paisfrance.org\/en\/to-donate\/\",\"name\":\"To donate - PA.I.S France\",\"isPartOf\":{\"@id\":\"https:\/\/paisfrance.org\/en\/#website\"},\"primaryImageOfPage\":{\"@id\":\"https:\/\/paisfrance.org\/en\/to-donate\/#primaryimage\"},\"image\":{\"@id\":\"https:\/\/paisfrance.org\/en\/to-donate\/#primaryimage\"},\"thumbnailUrl\":\"https:\/\/paisfrance.org\/wp-content\/uploads\/2025\/01\/Groupe-de-masques-41.png\",\"datePublished\":\"2025-01-27T09:50:05+00:00\",\"dateModified\":\"2026-02-15T13:53:43+00:00\",\"description\":\"PA.I.S France needs your help more than ever, so make a donation to our association in support of visually and hearing impaired children.\",\"breadcrumb\":{\"@id\":\"https:\/\/paisfrance.org\/en\/to-donate\/#breadcrumb\"},\"inLanguage\":\"en-US\",\"potentialAction\":[{\"@type\":\"ReadAction\",\"target\":[\"https:\/\/paisfrance.org\/en\/to-donate\/\"]}]},{\"@type\":\"ImageObject\",\"inLanguage\":\"en-US\",\"@id\":\"https:\/\/paisfrance.org\/en\/to-donate\/#primaryimage\",\"url\":\"https:\/\/paisfrance.org\/wp-content\/uploads\/2025\/01\/Groupe-de-masques-41.png\",\"contentUrl\":\"https:\/\/paisfrance.org\/wp-content\/uploads\/2025\/01\/Groupe-de-masques-41.png\"},{\"@type\":\"BreadcrumbList\",\"@id\":\"https:\/\/paisfrance.org\/en\/to-donate\/#breadcrumb\",\"itemListElement\":[{\"@type\":\"ListItem\",\"position\":1,\"name\":\"Accueil\",\"item\":\"https:\/\/paisfrance.org\/en\/\"},{\"@type\":\"ListItem\",\"position\":2,\"name\":\"To donate\"}]},{\"@type\":\"WebSite\",\"@id\":\"https:\/\/paisfrance.org\/en\/#website\",\"url\":\"https:\/\/paisfrance.org\/en\/\",\"name\":\"PA.I.S France\",\"description\":\"\",\"publisher\":{\"@id\":\"https:\/\/paisfrance.org\/en\/#organization\"},\"potentialAction\":[{\"@type\":\"SearchAction\",\"target\":{\"@type\":\"EntryPoint\",\"urlTemplate\":\"https:\/\/paisfrance.org\/en\/?s={search_term_string}\"},\"query-input\":{\"@type\":\"PropertyValueSpecification\",\"valueRequired\":true,\"valueName\":\"search_term_string\"}}],\"inLanguage\":\"en-US\"},{\"@type\":\"Organization\",\"@id\":\"https:\/\/paisfrance.org\/en\/#organization\",\"name\":\"PA.I.S France\",\"url\":\"https:\/\/paisfrance.org\/en\/\",\"logo\":{\"@type\":\"ImageObject\",\"inLanguage\":\"en-US\",\"@id\":\"https:\/\/paisfrance.org\/en\/#\/schema\/logo\/image\/\",\"url\":\"https:\/\/paisfrance.org\/wp-content\/uploads\/2025\/01\/logo.png\",\"contentUrl\":\"https:\/\/paisfrance.org\/wp-content\/uploads\/2025\/01\/logo.png\",\"width\":300,\"height\":93,\"caption\":\"PA.I.S France\"},\"image\":{\"@id\":\"https:\/\/paisfrance.org\/en\/#\/schema\/logo\/image\/\"}}]}<\/script>\n<!-- \/ Yoast SEO plugin. -->","yoast_head_json":{"title":"To donate - PA.I.S France","description":"PA.I.S France needs your help more than ever, so make a donation to our association in support of visually and hearing impaired children.","robots":{"index":"index","follow":"follow","max-snippet":"max-snippet:-1","max-image-preview":"max-image-preview:large","max-video-preview":"max-video-preview:-1"},"canonical":"https:\/\/paisfrance.org\/en\/to-donate\/","og_locale":"en_US","og_type":"article","og_title":"To donate - PA.I.S France","og_description":"PA.I.S France needs your help more than ever, so make a donation to our association in support of visually and hearing impaired children.","og_url":"https:\/\/paisfrance.org\/en\/to-donate\/","og_site_name":"PA.I.S France","article_modified_time":"2026-02-15T13:53:43+00:00","twitter_card":"summary_large_image","twitter_misc":{"Est. reading time":"1 minute"},"schema":{"@context":"https:\/\/schema.org","@graph":[{"@type":"WebPage","@id":"https:\/\/paisfrance.org\/en\/to-donate\/","url":"https:\/\/paisfrance.org\/en\/to-donate\/","name":"To donate - PA.I.S France","isPartOf":{"@id":"https:\/\/paisfrance.org\/en\/#website"},"primaryImageOfPage":{"@id":"https:\/\/paisfrance.org\/en\/to-donate\/#primaryimage"},"image":{"@id":"https:\/\/paisfrance.org\/en\/to-donate\/#primaryimage"},"thumbnailUrl":"https:\/\/paisfrance.org\/wp-content\/uploads\/2025\/01\/Groupe-de-masques-41.png","datePublished":"2025-01-27T09:50:05+00:00","dateModified":"2026-02-15T13:53:43+00:00","description":"PA.I.S France needs your help more than ever, so make a donation to our association in support of visually and hearing impaired children.","breadcrumb":{"@id":"https:\/\/paisfrance.org\/en\/to-donate\/#breadcrumb"},"inLanguage":"en-US","potentialAction":[{"@type":"ReadAction","target":["https:\/\/paisfrance.org\/en\/to-donate\/"]}]},{"@type":"ImageObject","inLanguage":"en-US","@id":"https:\/\/paisfrance.org\/en\/to-donate\/#primaryimage","url":"https:\/\/paisfrance.org\/wp-content\/uploads\/2025\/01\/Groupe-de-masques-41.png","contentUrl":"https:\/\/paisfrance.org\/wp-content\/uploads\/2025\/01\/Groupe-de-masques-41.png"},{"@type":"BreadcrumbList","@id":"https:\/\/paisfrance.org\/en\/to-donate\/#breadcrumb","itemListElement":[{"@type":"ListItem","position":1,"name":"Accueil","item":"https:\/\/paisfrance.org\/en\/"},{"@type":"ListItem","position":2,"name":"To donate"}]},{"@type":"WebSite","@id":"https:\/\/paisfrance.org\/en\/#website","url":"https:\/\/paisfrance.org\/en\/","name":"PA.I.S France","description":"","publisher":{"@id":"https:\/\/paisfrance.org\/en\/#organization"},"potentialAction":[{"@type":"SearchAction","target":{"@type":"EntryPoint","urlTemplate":"https:\/\/paisfrance.org\/en\/?s={search_term_string}"},"query-input":{"@type":"PropertyValueSpecification","valueRequired":true,"valueName":"search_term_string"}}],"inLanguage":"en-US"},{"@type":"Organization","@id":"https:\/\/paisfrance.org\/en\/#organization","name":"PA.I.S France","url":"https:\/\/paisfrance.org\/en\/","logo":{"@type":"ImageObject","inLanguage":"en-US","@id":"https:\/\/paisfrance.org\/en\/#\/schema\/logo\/image\/","url":"https:\/\/paisfrance.org\/wp-content\/uploads\/2025\/01\/logo.png","contentUrl":"https:\/\/paisfrance.org\/wp-content\/uploads\/2025\/01\/logo.png","width":300,"height":93,"caption":"PA.I.S France"},"image":{"@id":"https:\/\/paisfrance.org\/en\/#\/schema\/logo\/image\/"}}]}},"_links":{"self":[{"href":"https:\/\/paisfrance.org\/en\/wp-json\/wp\/v2\/pages\/2233","targetHints":{"allow":["GET"]}}],"collection":[{"href":"https:\/\/paisfrance.org\/en\/wp-json\/wp\/v2\/pages"}],"about":[{"href":"https:\/\/paisfrance.org\/en\/wp-json\/wp\/v2\/types\/page"}],"author":[{"embeddable":true,"href":"https:\/\/paisfrance.org\/en\/wp-json\/wp\/v2\/users\/1"}],"replies":[{"embeddable":true,"href":"https:\/\/paisfrance.org\/en\/wp-json\/wp\/v2\/comments?post=2233"}],"version-history":[{"count":30,"href":"https:\/\/paisfrance.org\/en\/wp-json\/wp\/v2\/pages\/2233\/revisions"}],"predecessor-version":[{"id":2919,"href":"https:\/\/paisfrance.org\/en\/wp-json\/wp\/v2\/pages\/2233\/revisions\/2919"}],"wp:attachment":[{"href":"https:\/\/paisfrance.org\/en\/wp-json\/wp\/v2\/media?parent=2233"}],"curies":[{"name":"wp","href":"https:\/\/api.w.org\/{rel}","templated":true}]}}