{"id":2239,"date":"2025-01-22T15:53:27","date_gmt":"2025-01-22T15:53:27","guid":{"rendered":"https:\/\/pais.conceptcloud.fr\/contact\/"},"modified":"2026-02-17T18:07:05","modified_gmt":"2026-02-17T18:07:05","slug":"contact","status":"publish","type":"page","link":"https:\/\/paisfrance.org\/en\/contact\/","title":{"rendered":"Contact"},"content":{"rendered":"\t\t<div data-elementor-type=\"wp-page\" data-elementor-id=\"2239\" class=\"elementor elementor-2239 elementor-68\" data-elementor-post-type=\"page\">\n\t\t\t\t<div class=\"elementor-element elementor-element-6b263e7 e-flex e-con-boxed e-con e-parent\" data-id=\"6b263e7\" data-element_type=\"container\" data-e-type=\"container\" data-settings=\"{&quot;background_background&quot;:&quot;classic&quot;}\">\n\t\t\t\t\t<div class=\"e-con-inner\">\n\t\t\t\t<div class=\"elementor-element elementor-element-7cd0ab1 elementor-widget elementor-widget-breadcrumbs\" data-id=\"7cd0ab1\" data-element_type=\"widget\" data-e-type=\"widget\" data-widget_type=\"breadcrumbs.default\">\n\t\t\t\t<div class=\"elementor-widget-container\">\n\t\t\t\t\t<p id=\"breadcrumbs\"><span><span><a href=\"https:\/\/paisfrance.org\/en\/\">Accueil<\/a><\/span><\/span><\/p>\t\t\t\t<\/div>\n\t\t\t\t<\/div>\n\t\t\t\t\t<\/div>\n\t\t\t\t<\/div>\n\t\t<div class=\"elementor-element elementor-element-b6b565e e-flex e-con-boxed e-con e-parent\" data-id=\"b6b565e\" data-element_type=\"container\" data-e-type=\"container\">\n\t\t\t\t\t<div class=\"e-con-inner\">\n\t\t\t\t<div class=\"elementor-element elementor-element-0b9ad10 elementor-widget-divider--view-line elementor-widget elementor-widget-divider\" data-id=\"0b9ad10\" data-element_type=\"widget\" data-e-type=\"widget\" data-widget_type=\"divider.default\">\n\t\t\t\t<div class=\"elementor-widget-container\">\n\t\t\t\t\t\t\t<div class=\"elementor-divider\">\n\t\t\t<span class=\"elementor-divider-separator\">\n\t\t\t\t\t\t<\/span>\n\t\t<\/div>\n\t\t\t\t\t\t<\/div>\n\t\t\t\t<\/div>\n\t\t\t\t<div class=\"elementor-element elementor-element-6733b1b elementor-widget elementor-widget-heading\" data-id=\"6733b1b\" data-element_type=\"widget\" data-e-type=\"widget\" data-widget_type=\"heading.default\">\n\t\t\t\t<div class=\"elementor-widget-container\">\n\t\t\t\t\t<h1 class=\"elementor-heading-title elementor-size-default\">Contact us<\/h1>\t\t\t\t<\/div>\n\t\t\t\t<\/div>\n\t\t\t\t\t<\/div>\n\t\t\t\t<\/div>\n\t\t<div class=\"elementor-element elementor-element-9929c32 e-flex e-con-boxed e-con e-parent\" data-id=\"9929c32\" data-element_type=\"container\" data-e-type=\"container\">\n\t\t\t\t\t<div class=\"e-con-inner\">\n\t\t<div class=\"elementor-element elementor-element-4282425 e-con-full e-flex e-con e-child\" data-id=\"4282425\" data-element_type=\"container\" data-e-type=\"container\">\n\t\t<div class=\"elementor-element elementor-element-4cbe82c e-con-full e-flex e-con e-child\" data-id=\"4cbe82c\" data-element_type=\"container\" data-e-type=\"container\">\n\t\t\t\t<div class=\"elementor-element elementor-element-41f3052 elementor-button-align-stretch elementor-widget elementor-widget-form\" data-id=\"41f3052\" data-element_type=\"widget\" data-e-type=\"widget\" data-settings=\"{&quot;step_next_label&quot;:&quot;Next&quot;,&quot;step_previous_label&quot;:&quot;Previous&quot;,&quot;button_width&quot;:&quot;100&quot;,&quot;step_type&quot;:&quot;number_text&quot;,&quot;step_icon_shape&quot;:&quot;circle&quot;}\" data-widget_type=\"form.default\">\n\t\t\t\t<div class=\"elementor-widget-container\">\n\t\t\t\t\t\t\t<form class=\"elementor-form\" method=\"post\" name=\"New form\" aria-label=\"New form\">\n\t\t\t<input type=\"hidden\" name=\"post_id\" value=\"2239\"\/>\n\t\t\t<input type=\"hidden\" name=\"form_id\" value=\"41f3052\"\/>\n\t\t\t<input type=\"hidden\" name=\"referer_title\" value=\"Contact - PA.I.S France\" \/>\n\n\t\t\t\t\t\t\t<input type=\"hidden\" name=\"queried_id\" value=\"2239\"\/>\n\t\t\t\n\t\t\t<div class=\"elementor-form-fields-wrapper elementor-labels-\">\n\t\t\t\t\t\t\t\t<div class=\"elementor-field-type-text elementor-field-group elementor-column elementor-field-group-name elementor-col-50\">\n\t\t\t\t\t\t\t\t\t\t\t\t<label for=\"form-field-name\" class=\"elementor-field-label elementor-screen-only\">\n\t\t\t\t\t\t\t\tName\t\t\t\t\t\t\t<\/label>\n\t\t\t\t\t\t\t\t\t\t\t\t\t\t<input size=\"1\" type=\"text\" name=\"form_fields[name]\" id=\"form-field-name\" class=\"elementor-field elementor-size-sm  elementor-field-textual\" placeholder=\"Name\">\n\t\t\t\t\t\t\t\t\t\t\t<\/div>\n\t\t\t\t\t\t\t\t<div class=\"elementor-field-type-text elementor-field-group elementor-column elementor-field-group-field_061057d elementor-col-50\">\n\t\t\t\t\t\t\t\t\t\t\t\t<label for=\"form-field-field_061057d\" class=\"elementor-field-label elementor-screen-only\">\n\t\t\t\t\t\t\t\tFirst name\t\t\t\t\t\t\t<\/label>\n\t\t\t\t\t\t\t\t\t\t\t\t\t\t<input size=\"1\" type=\"text\" name=\"form_fields[field_061057d]\" id=\"form-field-field_061057d\" class=\"elementor-field elementor-size-sm  elementor-field-textual\" placeholder=\"First name\">\n\t\t\t\t\t\t\t\t\t\t\t<\/div>\n\t\t\t\t\t\t\t\t<div class=\"elementor-field-type-email elementor-field-group elementor-column elementor-field-group-email elementor-col-100 elementor-field-required\">\n\t\t\t\t\t\t\t\t\t\t\t\t<label for=\"form-field-email\" class=\"elementor-field-label elementor-screen-only\">\n\t\t\t\t\t\t\t\tE-mail\t\t\t\t\t\t\t<\/label>\n\t\t\t\t\t\t\t\t\t\t\t\t\t\t<input size=\"1\" type=\"email\" name=\"form_fields[email]\" id=\"form-field-email\" class=\"elementor-field elementor-size-sm  elementor-field-textual\" placeholder=\"E-mail\" required=\"required\">\n\t\t\t\t\t\t\t\t\t\t\t<\/div>\n\t\t\t\t\t\t\t\t<div class=\"elementor-field-type-textarea elementor-field-group elementor-column elementor-field-group-message elementor-col-100\">\n\t\t\t\t\t\t\t\t\t\t\t\t<label for=\"form-field-message\" class=\"elementor-field-label elementor-screen-only\">\n\t\t\t\t\t\t\t\tMessage\t\t\t\t\t\t\t<\/label>\n\t\t\t\t\t\t<textarea class=\"elementor-field-textual elementor-field  elementor-size-sm\" name=\"form_fields[message]\" id=\"form-field-message\" rows=\"7\" placeholder=\"Message\"><\/textarea>\t\t\t\t<\/div>\n\t\t\t\t\t\t\t\t<div class=\"elementor-field-type-recaptcha_v3 elementor-field-group elementor-column elementor-field-group-field_92f7297 elementor-col-100 recaptcha_v3-bottomright\">\n\t\t\t\t\t<div class=\"elementor-field\" id=\"form-field-field_92f7297\"><div class=\"elementor-g-recaptcha\" data-sitekey=\"6LeYBG8sAAAAAK4MSWTCH7k_pyZl_YhbMpTT0KVY\" data-type=\"v3\" data-action=\"Form\" data-badge=\"bottomright\" data-size=\"invisible\"><\/div><\/div>\t\t\t\t<\/div>\n\t\t\t\t\t\t\t\t<div class=\"elementor-field-group elementor-column elementor-field-type-submit elementor-col-100 e-form__buttons\">\n\t\t\t\t\t<button class=\"elementor-button elementor-size-sm\" type=\"submit\">\n\t\t\t\t\t\t<span class=\"elementor-button-content-wrapper\">\n\t\t\t\t\t\t\t\t\t\t\t\t\t\t\t\t\t\t\t\t\t\t<span class=\"elementor-button-text\">Send<\/span>\n\t\t\t\t\t\t\t\t\t\t\t\t\t<\/span>\n\t\t\t\t\t<\/button>\n\t\t\t\t<\/div>\n\t\t\t<\/div>\n\t\t<\/form>\n\t\t\t\t\t\t<\/div>\n\t\t\t\t<\/div>\n\t\t\t\t<\/div>\n\t\t<div class=\"elementor-element elementor-element-858c796 e-con-full e-flex e-con e-child\" data-id=\"858c796\" data-element_type=\"container\" data-e-type=\"container\">\n\t\t\t\t<div class=\"elementor-element elementor-element-705b400 elementor-widget elementor-widget-image\" data-id=\"705b400\" data-element_type=\"widget\" data-e-type=\"widget\" data-widget_type=\"image.default\">\n\t\t\t\t<div class=\"elementor-widget-container\">\n\t\t\t\t\t\t\t\t\t\t\t\t\t\t\t<img fetchpriority=\"high\" decoding=\"async\" width=\"360\" height=\"360\" src=\"https:\/\/paisfrance.org\/wp-content\/uploads\/2025\/12\/pngtree-a-child-clutching-stuffed-animal-and-the-palestinian-flag-png-image_15981114-4.png\" class=\"attachment-large size-large wp-image-2663\" alt=\"\" srcset=\"https:\/\/paisfrance.org\/wp-content\/uploads\/2025\/12\/pngtree-a-child-clutching-stuffed-animal-and-the-palestinian-flag-png-image_15981114-4.png 360w, https:\/\/paisfrance.org\/wp-content\/uploads\/2025\/12\/pngtree-a-child-clutching-stuffed-animal-and-the-palestinian-flag-png-image_15981114-4-300x300.png 300w, https:\/\/paisfrance.org\/wp-content\/uploads\/2025\/12\/pngtree-a-child-clutching-stuffed-animal-and-the-palestinian-flag-png-image_15981114-4-150x150.png 150w\" sizes=\"(max-width: 360px) 100vw, 360px\" \/>\t\t\t\t\t\t\t\t\t\t\t\t\t\t\t<\/div>\n\t\t\t\t<\/div>\n\t\t\t\t<\/div>\n\t\t\t\t<\/div>\n\t\t<div class=\"elementor-element elementor-element-a119724 e-con-full e-flex e-con e-child\" data-id=\"a119724\" data-element_type=\"container\" data-e-type=\"container\" data-settings=\"{&quot;background_background&quot;:&quot;classic&quot;}\">\n\t\t<div class=\"elementor-element elementor-element-b0cdf1e e-con-full e-flex e-con e-child\" data-id=\"b0cdf1e\" data-element_type=\"container\" data-e-type=\"container\">\n\t\t\t\t<div class=\"elementor-element elementor-element-ee3349f elementor-widget elementor-widget-image\" data-id=\"ee3349f\" data-element_type=\"widget\" data-e-type=\"widget\" data-widget_type=\"image.default\">\n\t\t\t\t<div class=\"elementor-widget-container\">\n\t\t\t\t\t\t\t\t\t\t\t\t\t\t\t<img decoding=\"async\" width=\"300\" height=\"90\" src=\"https:\/\/paisfrance.org\/wp-content\/uploads\/2025\/01\/logo-footer-blc.png\" class=\"attachment-large size-large wp-image-1830\" alt=\"\" \/>\t\t\t\t\t\t\t\t\t\t\t\t\t\t\t<\/div>\n\t\t\t\t<\/div>\n\t\t\t\t<div class=\"elementor-element elementor-element-734fe05 elementor-widget elementor-widget-text-editor\" data-id=\"734fe05\" data-element_type=\"widget\" data-e-type=\"widget\" data-widget_type=\"text-editor.default\">\n\t\t\t\t<div class=\"elementor-widget-container\">\n\t\t\t\t\t\t\t\t\t<p>Association \u00e0 but non lucratif, bas\u00e9e dans l\u2019Est de la France, ayant pour but de soutenir des institutions palestiniennes sp\u00e9cialis\u00e9es dans le soutien et l\u2019\u00e9ducation d\u2019enfants handicap\u00e9s.<\/p>\t\t\t\t\t\t\t\t<\/div>\n\t\t\t\t<\/div>\n\t\t\t\t<\/div>\n\t\t<div class=\"elementor-element elementor-element-11fdef1 e-con-full e-flex e-con e-child\" data-id=\"11fdef1\" data-element_type=\"container\" data-e-type=\"container\">\n\t\t<div class=\"elementor-element elementor-element-f7b7bb2 e-con-full e-flex e-con e-child\" data-id=\"f7b7bb2\" data-element_type=\"container\" data-e-type=\"container\">\n\t\t\t\t<div class=\"elementor-element elementor-element-2aff579 elementor-widget elementor-widget-heading\" data-id=\"2aff579\" data-element_type=\"widget\" data-e-type=\"widget\" data-widget_type=\"heading.default\">\n\t\t\t\t<div class=\"elementor-widget-container\">\n\t\t\t\t\t<h3 class=\"elementor-heading-title elementor-size-default\">Contact<\/h3>\t\t\t\t<\/div>\n\t\t\t\t<\/div>\n\t\t\t\t<\/div>\n\t\t\t\t<div class=\"elementor-element elementor-element-da3c9a0 elementor-icon-list--layout-traditional elementor-list-item-link-full_width elementor-widget elementor-widget-icon-list\" data-id=\"da3c9a0\" data-element_type=\"widget\" data-e-type=\"widget\" data-widget_type=\"icon-list.default\">\n\t\t\t\t<div class=\"elementor-widget-container\">\n\t\t\t\t\t\t\t<ul class=\"elementor-icon-list-items\">\n\t\t\t\t\t\t\t<li class=\"elementor-icon-list-item\">\n\t\t\t\t\t\t\t\t\t\t\t<span class=\"elementor-icon-list-icon\">\n\t\t\t\t\t\t\t<svg aria-hidden=\"true\" class=\"e-font-icon-svg e-fas-map-marker-alt\" viewBox=\"0 0 384 512\" xmlns=\"http:\/\/www.w3.org\/2000\/svg\"><path d=\"M172.268 501.67C26.97 291.031 0 269.413 0 192 0 85.961 85.961 0 192 0s192 85.961 192 192c0 77.413-26.97 99.031-172.268 309.67-9.535 13.774-29.93 13.773-39.464 0zM192 272c44.183 0 80-35.817 80-80s-35.817-80-80-80-80 35.817-80 80 35.817 80 80 80z\"><\/path><\/svg>\t\t\t\t\t\t<\/span>\n\t\t\t\t\t\t\t\t\t\t<span class=\"elementor-icon-list-text\">5 rue des Pr\u00e9s <br>68220 FOLGENSBOURG<br>France<\/span>\n\t\t\t\t\t\t\t\t\t<\/li>\n\t\t\t\t\t\t\t\t<li class=\"elementor-icon-list-item\">\n\t\t\t\t\t\t\t\t\t\t\t<span class=\"elementor-icon-list-icon\">\n\t\t\t\t\t\t\t<svg aria-hidden=\"true\" class=\"e-font-icon-svg e-fas-envelope\" viewBox=\"0 0 512 512\" xmlns=\"http:\/\/www.w3.org\/2000\/svg\"><path d=\"M502.3 190.8c3.9-3.1 9.7-.2 9.7 4.7V400c0 26.5-21.5 48-48 48H48c-26.5 0-48-21.5-48-48V195.6c0-5 5.7-7.8 9.7-4.7 22.4 17.4 52.1 39.5 154.1 113.6 21.1 15.4 56.7 47.8 92.2 47.6 35.7.3 72-32.8 92.3-47.6 102-74.1 131.6-96.3 154-113.7zM256 320c23.2.4 56.6-29.2 73.4-41.4 132.7-96.3 142.8-104.7 173.4-128.7 5.8-4.5 9.2-11.5 9.2-18.9v-19c0-26.5-21.5-48-48-48H48C21.5 64 0 85.5 0 112v19c0 7.4 3.4 14.3 9.2 18.9 30.6 23.9 40.7 32.4 173.4 128.7 16.8 12.2 50.2 41.8 73.4 41.4z\"><\/path><\/svg>\t\t\t\t\t\t<\/span>\n\t\t\t\t\t\t\t\t\t\t<span class=\"elementor-icon-list-text\"> contact@paisfrance.org<\/span>\n\t\t\t\t\t\t\t\t\t<\/li>\n\t\t\t\t\t\t<\/ul>\n\t\t\t\t\t\t<\/div>\n\t\t\t\t<\/div>\n\t\t\t\t<\/div>\n\t\t<div class=\"elementor-element elementor-element-fa513e1 e-con-full e-flex e-con e-child\" data-id=\"fa513e1\" data-element_type=\"container\" data-e-type=\"container\">\n\t\t<div class=\"elementor-element elementor-element-5bd0c4f e-con-full e-flex e-con e-child\" data-id=\"5bd0c4f\" data-element_type=\"container\" data-e-type=\"container\">\n\t\t\t\t<div class=\"elementor-element elementor-element-e397048 elementor-widget elementor-widget-heading\" data-id=\"e397048\" data-element_type=\"widget\" data-e-type=\"widget\" data-widget_type=\"heading.default\">\n\t\t\t\t<div class=\"elementor-widget-container\">\n\t\t\t\t\t<h3 class=\"elementor-heading-title elementor-size-default\">Newsletter<\/h3>\t\t\t\t<\/div>\n\t\t\t\t<\/div>\n\t\t\t\t<\/div>\n\t\t\t\t<div class=\"elementor-element elementor-element-e1e778b elementor-widget elementor-widget-text-editor\" data-id=\"e1e778b\" data-element_type=\"widget\" data-e-type=\"widget\" data-widget_type=\"text-editor.default\">\n\t\t\t\t<div class=\"elementor-widget-container\">\n\t\t\t\t\t\t\t\t\t<p>Inscrivez-vous prochainement &amp; recevez nos actualit\u00e9s. <\/p>\t\t\t\t\t\t\t\t<\/div>\n\t\t\t\t<\/div>\n\t\t\t\t<div class=\"elementor-element elementor-element-c21c958 elementor-button-align-stretch elementor-widget elementor-widget-form\" data-id=\"c21c958\" data-element_type=\"widget\" data-e-type=\"widget\" data-settings=\"{&quot;step_next_label&quot;:&quot;Next&quot;,&quot;step_previous_label&quot;:&quot;Previous&quot;,&quot;button_width&quot;:&quot;100&quot;,&quot;step_type&quot;:&quot;number_text&quot;,&quot;step_icon_shape&quot;:&quot;circle&quot;}\" data-widget_type=\"form.default\">\n\t\t\t\t<div class=\"elementor-widget-container\">\n\t\t\t\t\t\t\t<form class=\"elementor-form\" method=\"post\" name=\"Newsletter\" aria-label=\"Newsletter\">\n\t\t\t<input type=\"hidden\" name=\"post_id\" value=\"2239\"\/>\n\t\t\t<input type=\"hidden\" name=\"form_id\" value=\"c21c958\"\/>\n\t\t\t<input type=\"hidden\" name=\"referer_title\" value=\"Contact - PA.I.S France\" \/>\n\n\t\t\t\t\t\t\t<input type=\"hidden\" name=\"queried_id\" value=\"2239\"\/>\n\t\t\t\n\t\t\t<div class=\"elementor-form-fields-wrapper elementor-labels-\">\n\t\t\t\t\t\t\t\t<div class=\"elementor-field-type-email elementor-field-group elementor-column elementor-field-group-email elementor-col-100 elementor-field-required\">\n\t\t\t\t\t\t\t\t\t\t\t\t<label for=\"form-field-email\" class=\"elementor-field-label elementor-screen-only\">\n\t\t\t\t\t\t\t\tE-mail\t\t\t\t\t\t\t<\/label>\n\t\t\t\t\t\t\t\t\t\t\t\t\t\t<input size=\"1\" type=\"email\" name=\"form_fields[email]\" id=\"form-field-email\" class=\"elementor-field elementor-size-sm  elementor-field-textual\" placeholder=\"E-mail\" required=\"required\">\n\t\t\t\t\t\t\t\t\t\t\t<\/div>\n\t\t\t\t\t\t\t\t<div class=\"elementor-field-type-recaptcha_v3 elementor-field-group elementor-column elementor-field-group-field_54e055c elementor-col-100 recaptcha_v3-bottomright\">\n\t\t\t\t\t<div class=\"elementor-field\" id=\"form-field-field_54e055c\"><div class=\"elementor-g-recaptcha\" data-sitekey=\"6LeYBG8sAAAAAK4MSWTCH7k_pyZl_YhbMpTT0KVY\" data-type=\"v3\" data-action=\"Form\" data-badge=\"bottomright\" data-size=\"invisible\"><\/div><\/div>\t\t\t\t<\/div>\n\t\t\t\t\t\t\t\t<div class=\"elementor-field-group elementor-column elementor-field-type-submit elementor-col-100 e-form__buttons\">\n\t\t\t\t\t<button class=\"elementor-button elementor-size-sm\" type=\"submit\">\n\t\t\t\t\t\t<span class=\"elementor-button-content-wrapper\">\n\t\t\t\t\t\t\t\t\t\t\t\t\t\t\t\t\t\t\t\t\t\t<span class=\"elementor-button-text\">Send<\/span>\n\t\t\t\t\t\t\t\t\t\t\t\t\t<\/span>\n\t\t\t\t\t<\/button>\n\t\t\t\t<\/div>\n\t\t\t<\/div>\n\t\t<\/form>\n\t\t\t\t\t\t<\/div>\n\t\t\t\t<\/div>\n\t\t\t\t<\/div>\n\t\t\t\t<\/div>\n\t\t\t\t\t<\/div>\n\t\t\t\t<\/div>\n\t\t\t\t<\/div>\n\t\t","protected":false},"excerpt":{"rendered":"<p>Contact us Association \u00e0 but non lucratif, bas\u00e9e dans l\u2019Est de la France, ayant pour but de soutenir des institutions palestiniennes sp\u00e9cialis\u00e9es dans le soutien et l\u2019\u00e9ducation d\u2019enfants handicap\u00e9s. Contact 5 rue des Pr\u00e9s 68220 FOLGENSBOURGFrance contact@paisfrance.org Newsletter Inscrivez-vous prochainement &amp; recevez nos actualit\u00e9s.<\/p>\n","protected":false},"author":1,"featured_media":0,"parent":0,"menu_order":0,"comment_status":"closed","ping_status":"closed","template":"elementor_header_footer","meta":{"_acf_changed":false,"footnotes":""},"class_list":["post-2239","page","type-page","status-publish","hentry"],"acf":[],"yoast_head":"<!-- This site is optimized with the Yoast SEO plugin v26.9 - https:\/\/yoast.com\/product\/yoast-seo-wordpress\/ -->\n<title>Contact - PA.I.S France<\/title>\n<meta name=\"description\" content=\"If you have any questions or would like more information about our actions and the PA.I.S France association, please contact us.\" \/>\n<meta name=\"robots\" content=\"index, follow, max-snippet:-1, max-image-preview:large, max-video-preview:-1\" \/>\n<link rel=\"canonical\" href=\"https:\/\/paisfrance.org\/en\/contact\/\" \/>\n<meta property=\"og:locale\" content=\"en_US\" \/>\n<meta property=\"og:type\" content=\"article\" \/>\n<meta property=\"og:title\" content=\"Contact - PA.I.S France\" \/>\n<meta property=\"og:description\" content=\"If you have any questions or would like more information about our actions and the PA.I.S France association, please contact us.\" \/>\n<meta property=\"og:url\" content=\"https:\/\/paisfrance.org\/en\/contact\/\" \/>\n<meta property=\"og:site_name\" content=\"PA.I.S France\" \/>\n<meta property=\"article:modified_time\" content=\"2026-02-17T18:07:05+00:00\" \/>\n<meta property=\"og:image\" content=\"https:\/\/paisfrance.org\/wp-content\/uploads\/2025\/12\/pngtree-a-child-clutching-stuffed-animal-and-the-palestinian-flag-png-image_15981114-4.png\" \/>\n\t<meta property=\"og:image:width\" content=\"360\" \/>\n\t<meta property=\"og:image:height\" content=\"360\" \/>\n\t<meta property=\"og:image:type\" content=\"image\/png\" \/>\n<meta name=\"twitter:card\" content=\"summary_large_image\" \/>\n<meta name=\"twitter:label1\" content=\"Est. reading time\" \/>\n\t<meta name=\"twitter:data1\" content=\"1 minute\" \/>\n<script type=\"application\/ld+json\" class=\"yoast-schema-graph\">{\"@context\":\"https:\/\/schema.org\",\"@graph\":[{\"@type\":\"WebPage\",\"@id\":\"https:\/\/paisfrance.org\/en\/contact\/\",\"url\":\"https:\/\/paisfrance.org\/en\/contact\/\",\"name\":\"Contact - PA.I.S France\",\"isPartOf\":{\"@id\":\"https:\/\/paisfrance.org\/en\/#website\"},\"primaryImageOfPage\":{\"@id\":\"https:\/\/paisfrance.org\/en\/contact\/#primaryimage\"},\"image\":{\"@id\":\"https:\/\/paisfrance.org\/en\/contact\/#primaryimage\"},\"thumbnailUrl\":\"https:\/\/paisfrance.org\/wp-content\/uploads\/2025\/12\/pngtree-a-child-clutching-stuffed-animal-and-the-palestinian-flag-png-image_15981114-4.png\",\"datePublished\":\"2025-01-22T15:53:27+00:00\",\"dateModified\":\"2026-02-17T18:07:05+00:00\",\"description\":\"If you have any questions or would like more information about our actions and the PA.I.S France association, please contact us.\",\"breadcrumb\":{\"@id\":\"https:\/\/paisfrance.org\/en\/contact\/#breadcrumb\"},\"inLanguage\":\"en-US\",\"potentialAction\":[{\"@type\":\"ReadAction\",\"target\":[\"https:\/\/paisfrance.org\/en\/contact\/\"]}]},{\"@type\":\"ImageObject\",\"inLanguage\":\"en-US\",\"@id\":\"https:\/\/paisfrance.org\/en\/contact\/#primaryimage\",\"url\":\"https:\/\/paisfrance.org\/wp-content\/uploads\/2025\/12\/pngtree-a-child-clutching-stuffed-animal-and-the-palestinian-flag-png-image_15981114-4.png\",\"contentUrl\":\"https:\/\/paisfrance.org\/wp-content\/uploads\/2025\/12\/pngtree-a-child-clutching-stuffed-animal-and-the-palestinian-flag-png-image_15981114-4.png\"},{\"@type\":\"BreadcrumbList\",\"@id\":\"https:\/\/paisfrance.org\/en\/contact\/#breadcrumb\",\"itemListElement\":[{\"@type\":\"ListItem\",\"position\":1,\"name\":\"Accueil\",\"item\":\"https:\/\/paisfrance.org\/en\/\"},{\"@type\":\"ListItem\",\"position\":2,\"name\":\"Contact\"}]},{\"@type\":\"WebSite\",\"@id\":\"https:\/\/paisfrance.org\/en\/#website\",\"url\":\"https:\/\/paisfrance.org\/en\/\",\"name\":\"PA.I.S France\",\"description\":\"\",\"publisher\":{\"@id\":\"https:\/\/paisfrance.org\/en\/#organization\"},\"potentialAction\":[{\"@type\":\"SearchAction\",\"target\":{\"@type\":\"EntryPoint\",\"urlTemplate\":\"https:\/\/paisfrance.org\/en\/?s={search_term_string}\"},\"query-input\":{\"@type\":\"PropertyValueSpecification\",\"valueRequired\":true,\"valueName\":\"search_term_string\"}}],\"inLanguage\":\"en-US\"},{\"@type\":\"Organization\",\"@id\":\"https:\/\/paisfrance.org\/en\/#organization\",\"name\":\"PA.I.S France\",\"url\":\"https:\/\/paisfrance.org\/en\/\",\"logo\":{\"@type\":\"ImageObject\",\"inLanguage\":\"en-US\",\"@id\":\"https:\/\/paisfrance.org\/en\/#\/schema\/logo\/image\/\",\"url\":\"https:\/\/paisfrance.org\/wp-content\/uploads\/2025\/01\/logo.png\",\"contentUrl\":\"https:\/\/paisfrance.org\/wp-content\/uploads\/2025\/01\/logo.png\",\"width\":300,\"height\":93,\"caption\":\"PA.I.S France\"},\"image\":{\"@id\":\"https:\/\/paisfrance.org\/en\/#\/schema\/logo\/image\/\"}}]}<\/script>\n<!-- \/ Yoast SEO plugin. -->","yoast_head_json":{"title":"Contact - PA.I.S France","description":"If you have any questions or would like more information about our actions and the PA.I.S France association, please contact us.","robots":{"index":"index","follow":"follow","max-snippet":"max-snippet:-1","max-image-preview":"max-image-preview:large","max-video-preview":"max-video-preview:-1"},"canonical":"https:\/\/paisfrance.org\/en\/contact\/","og_locale":"en_US","og_type":"article","og_title":"Contact - PA.I.S France","og_description":"If you have any questions or would like more information about our actions and the PA.I.S France association, please contact us.","og_url":"https:\/\/paisfrance.org\/en\/contact\/","og_site_name":"PA.I.S France","article_modified_time":"2026-02-17T18:07:05+00:00","og_image":[{"width":360,"height":360,"url":"https:\/\/paisfrance.org\/wp-content\/uploads\/2025\/12\/pngtree-a-child-clutching-stuffed-animal-and-the-palestinian-flag-png-image_15981114-4.png","type":"image\/png"}],"twitter_card":"summary_large_image","twitter_misc":{"Est. reading time":"1 minute"},"schema":{"@context":"https:\/\/schema.org","@graph":[{"@type":"WebPage","@id":"https:\/\/paisfrance.org\/en\/contact\/","url":"https:\/\/paisfrance.org\/en\/contact\/","name":"Contact - PA.I.S France","isPartOf":{"@id":"https:\/\/paisfrance.org\/en\/#website"},"primaryImageOfPage":{"@id":"https:\/\/paisfrance.org\/en\/contact\/#primaryimage"},"image":{"@id":"https:\/\/paisfrance.org\/en\/contact\/#primaryimage"},"thumbnailUrl":"https:\/\/paisfrance.org\/wp-content\/uploads\/2025\/12\/pngtree-a-child-clutching-stuffed-animal-and-the-palestinian-flag-png-image_15981114-4.png","datePublished":"2025-01-22T15:53:27+00:00","dateModified":"2026-02-17T18:07:05+00:00","description":"If you have any questions or would like more information about our actions and the PA.I.S France association, please contact us.","breadcrumb":{"@id":"https:\/\/paisfrance.org\/en\/contact\/#breadcrumb"},"inLanguage":"en-US","potentialAction":[{"@type":"ReadAction","target":["https:\/\/paisfrance.org\/en\/contact\/"]}]},{"@type":"ImageObject","inLanguage":"en-US","@id":"https:\/\/paisfrance.org\/en\/contact\/#primaryimage","url":"https:\/\/paisfrance.org\/wp-content\/uploads\/2025\/12\/pngtree-a-child-clutching-stuffed-animal-and-the-palestinian-flag-png-image_15981114-4.png","contentUrl":"https:\/\/paisfrance.org\/wp-content\/uploads\/2025\/12\/pngtree-a-child-clutching-stuffed-animal-and-the-palestinian-flag-png-image_15981114-4.png"},{"@type":"BreadcrumbList","@id":"https:\/\/paisfrance.org\/en\/contact\/#breadcrumb","itemListElement":[{"@type":"ListItem","position":1,"name":"Accueil","item":"https:\/\/paisfrance.org\/en\/"},{"@type":"ListItem","position":2,"name":"Contact"}]},{"@type":"WebSite","@id":"https:\/\/paisfrance.org\/en\/#website","url":"https:\/\/paisfrance.org\/en\/","name":"PA.I.S France","description":"","publisher":{"@id":"https:\/\/paisfrance.org\/en\/#organization"},"potentialAction":[{"@type":"SearchAction","target":{"@type":"EntryPoint","urlTemplate":"https:\/\/paisfrance.org\/en\/?s={search_term_string}"},"query-input":{"@type":"PropertyValueSpecification","valueRequired":true,"valueName":"search_term_string"}}],"inLanguage":"en-US"},{"@type":"Organization","@id":"https:\/\/paisfrance.org\/en\/#organization","name":"PA.I.S France","url":"https:\/\/paisfrance.org\/en\/","logo":{"@type":"ImageObject","inLanguage":"en-US","@id":"https:\/\/paisfrance.org\/en\/#\/schema\/logo\/image\/","url":"https:\/\/paisfrance.org\/wp-content\/uploads\/2025\/01\/logo.png","contentUrl":"https:\/\/paisfrance.org\/wp-content\/uploads\/2025\/01\/logo.png","width":300,"height":93,"caption":"PA.I.S France"},"image":{"@id":"https:\/\/paisfrance.org\/en\/#\/schema\/logo\/image\/"}}]}},"_links":{"self":[{"href":"https:\/\/paisfrance.org\/en\/wp-json\/wp\/v2\/pages\/2239","targetHints":{"allow":["GET"]}}],"collection":[{"href":"https:\/\/paisfrance.org\/en\/wp-json\/wp\/v2\/pages"}],"about":[{"href":"https:\/\/paisfrance.org\/en\/wp-json\/wp\/v2\/types\/page"}],"author":[{"embeddable":true,"href":"https:\/\/paisfrance.org\/en\/wp-json\/wp\/v2\/users\/1"}],"replies":[{"embeddable":true,"href":"https:\/\/paisfrance.org\/en\/wp-json\/wp\/v2\/comments?post=2239"}],"version-history":[{"count":21,"href":"https:\/\/paisfrance.org\/en\/wp-json\/wp\/v2\/pages\/2239\/revisions"}],"predecessor-version":[{"id":2923,"href":"https:\/\/paisfrance.org\/en\/wp-json\/wp\/v2\/pages\/2239\/revisions\/2923"}],"wp:attachment":[{"href":"https:\/\/paisfrance.org\/en\/wp-json\/wp\/v2\/media?parent=2239"}],"curies":[{"name":"wp","href":"https:\/\/api.w.org\/{rel}","templated":true}]}}